{"id":118,"date":"2017-09-11T15:24:54","date_gmt":"2017-09-11T15:24:54","guid":{"rendered":"http:\/\/propunto.cl\/?page_id=118"},"modified":"2017-09-20T11:59:49","modified_gmt":"2017-09-20T11:59:49","slug":"cableado-estructurado","status":"publish","type":"page","link":"https:\/\/propunto.cl\/index.php\/cableado-estructurado\/","title":{"rendered":"Cableado Estructurado y Fibra \u00d3ptica"},"content":{"rendered":"<p><span style=\"color: #ff6600;\">ProPunto <\/span>, empresa especializada en Cableado Estructurado, ofrecemos soluciones y productos para el cableado de su oficina u edificio, con el fin de ofrecerle una conectividad de todos sus equipos activos, de diferentes o igual tecnolog\u00eda, permitiendo la integraci\u00f3n con los diferentes servicios que disponga: telefon\u00eda, datos, seguridad, etc &#8230;, es decir, todo lo referente al cableado voz-datos para redes de comunicaciones.<\/p>\n<p>Gracias a nuestras soluciones de conectividad, le proporcionamos infraestructuras inal\u00e1mbricas, fibra \u00f3ptica y cobre que habilitan una gran cantidad de servicios de comunicaciones.<\/p>\n<p><a href=\"http:\/\/propunto.cl\/wp-content\/uploads\/2017\/09\/cableado.jpg\"><img fetchpriority=\"high\" decoding=\"async\" class=\"size-full wp-image-154 aligncenter\" src=\"http:\/\/propunto.cl\/wp-content\/uploads\/2017\/09\/cableado.jpg\" alt=\"\" width=\"600\" height=\"379\" \/><\/a><\/p>\n","protected":false},"excerpt":{"rendered":"<p>ProPunto , empresa especializada en Cableado Estructurado, ofrecemos soluciones y productos para el cableado de su oficina u edificio, con el fin de ofrecerle una conectividad de todos sus equipos activos, de diferentes o igual tecnolog\u00eda, permitiendo la integraci\u00f3n con los diferentes servicios que disponga: telefon\u00eda, datos, seguridad, etc &#8230;, es decir, todo lo referente [&hellip;]<\/p>\n","protected":false},"author":1,"featured_media":25,"parent":0,"menu_order":0,"comment_status":"closed","ping_status":"closed","template":"","meta":{"iawp_total_views":0,"footnotes":""},"class_list":["post-118","page","type-page","status-publish","has-post-thumbnail","hentry"],"_links":{"self":[{"href":"https:\/\/propunto.cl\/index.php\/wp-json\/wp\/v2\/pages\/118","targetHints":{"allow":["GET"]}}],"collection":[{"href":"https:\/\/propunto.cl\/index.php\/wp-json\/wp\/v2\/pages"}],"about":[{"href":"https:\/\/propunto.cl\/index.php\/wp-json\/wp\/v2\/types\/page"}],"author":[{"embeddable":true,"href":"https:\/\/propunto.cl\/index.php\/wp-json\/wp\/v2\/users\/1"}],"replies":[{"embeddable":true,"href":"https:\/\/propunto.cl\/index.php\/wp-json\/wp\/v2\/comments?post=118"}],"version-history":[{"count":3,"href":"https:\/\/propunto.cl\/index.php\/wp-json\/wp\/v2\/pages\/118\/revisions"}],"predecessor-version":[{"id":155,"href":"https:\/\/propunto.cl\/index.php\/wp-json\/wp\/v2\/pages\/118\/revisions\/155"}],"wp:featuredmedia":[{"embeddable":true,"href":"https:\/\/propunto.cl\/index.php\/wp-json\/wp\/v2\/media\/25"}],"wp:attachment":[{"href":"https:\/\/propunto.cl\/index.php\/wp-json\/wp\/v2\/media?parent=118"}],"curies":[{"name":"wp","href":"https:\/\/api.w.org\/{rel}","templated":true}]}}